{"id":2793,"date":"2025-09-14T22:08:04","date_gmt":"2025-09-14T22:08:04","guid":{"rendered":"https:\/\/clinicalivo.cl\/?page_id=2793"},"modified":"2025-09-22T15:36:40","modified_gmt":"2025-09-22T15:36:40","slug":"evaluacion-del-sistema-nervioso-autonomo","status":"publish","type":"page","link":"https:\/\/clinicalivo.cl\/index.php\/evaluacion-del-sistema-nervioso-autonomo\/","title":{"rendered":"Evaluaci\u00f3n del Sistema Nervioso Aut\u00f3nomo"},"content":{"rendered":"\t\t<div data-elementor-type=\"wp-page\" data-elementor-id=\"2793\" class=\"elementor elementor-2793\">\n\t\t\t\t<div class=\"elementor-element elementor-element-d49639d e-flex e-con-boxed e-con e-parent\" data-id=\"d49639d\" data-element_type=\"container\" data-e-type=\"container\">\n\t\t\t\t\t<div class=\"e-con-inner\">\n\t\t<div class=\"elementor-element elementor-element-8ff0d3f e-flex e-con-boxed e-con e-child\" data-id=\"8ff0d3f\" data-element_type=\"container\" data-e-type=\"container\">\n\t\t\t\t\t<div class=\"e-con-inner\">\n\t\t<div class=\"elementor-element elementor-element-c0f10b3 e-flex e-con-boxed e-con e-child\" data-id=\"c0f10b3\" data-element_type=\"container\" data-e-type=\"container\">\n\t\t\t\t\t<div class=\"e-con-inner\">\n\t\t\t\t<div class=\"elementor-element elementor-element-fee99ba elementor-widget elementor-widget-heading\" data-id=\"fee99ba\" data-element_type=\"widget\" data-e-type=\"widget\" data-widget_type=\"heading.default\">\n\t\t\t\t\t<h2 class=\"elementor-heading-title elementor-size-default\">Conoce c\u00f3mo responde tu cuerpo al estr\u00e9s y recupera tu equilibrio<\/h2>\t\t\t\t<\/div>\n\t\t\t\t\t<\/div>\n\t\t\t\t<\/div>\n\t\t\t\t\t<\/div>\n\t\t\t\t<\/div>\n\t\t\t\t\t<\/div>\n\t\t\t\t<\/div>\n\t\t<div class=\"elementor-element elementor-element-701b295 e-flex e-con-boxed e-con e-parent\" data-id=\"701b295\" data-element_type=\"container\" data-e-type=\"container\">\n\t\t\t\t\t<div class=\"e-con-inner\">\n\t\t<div class=\"elementor-element elementor-element-4de20e3 e-con-full e-flex e-con e-child\" data-id=\"4de20e3\" data-element_type=\"container\" data-e-type=\"container\">\n\t\t\t\t<div class=\"elementor-element elementor-element-844ca26 elementor-widget elementor-widget-image\" data-id=\"844ca26\" data-element_type=\"widget\" data-e-type=\"widget\" data-widget_type=\"image.default\">\n\t\t\t\t\t\t\t\t\t\t\t\t\t\t\t<img fetchpriority=\"high\" decoding=\"async\" width=\"683\" height=\"1024\" src=\"https:\/\/clinicalivo.cl\/wp-content\/uploads\/2025\/09\/2149407955-683x1024.webp\" class=\"attachment-large size-large wp-image-2800\" alt=\"\" srcset=\"https:\/\/clinicalivo.cl\/wp-content\/uploads\/2025\/09\/2149407955-683x1024.webp 683w, https:\/\/clinicalivo.cl\/wp-content\/uploads\/2025\/09\/2149407955-200x300.webp 200w, https:\/\/clinicalivo.cl\/wp-content\/uploads\/2025\/09\/2149407955-768x1152.webp 768w, https:\/\/clinicalivo.cl\/wp-content\/uploads\/2025\/09\/2149407955.webp 1000w\" sizes=\"(max-width: 683px) 100vw, 683px\" \/>\t\t\t\t\t\t\t\t\t\t\t\t\t\t\t<\/div>\n\t\t\t\t<\/div>\n\t\t<div class=\"elementor-element elementor-element-d9f673c e-con-full e-flex e-con e-child\" data-id=\"d9f673c\" data-element_type=\"container\" data-e-type=\"container\">\n\t\t\t\t<div class=\"elementor-element elementor-element-13e378b elementor-widget elementor-widget-text-editor\" data-id=\"13e378b\" data-element_type=\"widget\" data-e-type=\"widget\" data-widget_type=\"text-editor.default\">\n\t\t\t\t\t\t\t\t\t<p data-start=\"288\" data-end=\"561\">En <strong data-start=\"291\" data-end=\"307\">Cl\u00ednica LIVO<\/strong> contamos con un innovador servicio que permite evaluar el estado de tu <strong data-start=\"379\" data-end=\"408\">sistema nervioso aut\u00f3nomo<\/strong> \u2014es decir, las ramas simp\u00e1tica y parasimp\u00e1tica\u2014 para comprender c\u00f3mo tu cuerpo se adapta al <strong data-start=\"501\" data-end=\"558\">estr\u00e9s, el descanso, la digesti\u00f3n y la energ\u00eda diaria<\/strong>.<\/p><p data-start=\"563\" data-end=\"851\">A trav\u00e9s de una <strong data-start=\"579\" data-end=\"640\">tecnolog\u00eda de vanguardia, no invasiva y totalmente segura<\/strong>, obtenemos indicadores clave que revelan tu nivel de equilibrio interno. Esta informaci\u00f3n nos permite dise\u00f1ar planes de tratamiento a\u00fan m\u00e1s <strong data-start=\"781\" data-end=\"811\">personalizados y efectivos<\/strong>, enfocados en tus necesidades reales.<\/p>\t\t\t\t\t\t\t\t<\/div>\n\t\t\t\t<div class=\"elementor-element elementor-element-db65d03 elementor-widget elementor-widget-text-editor\" data-id=\"db65d03\" data-element_type=\"widget\" data-e-type=\"widget\" data-widget_type=\"text-editor.default\">\n\t\t\t\t\t\t\t\t\t<p data-start=\"853\" data-end=\"918\">Este estudio es especialmente \u00fatil para personas que presentan:<\/p><ul data-start=\"920\" data-end=\"1229\"><li data-start=\"920\" data-end=\"967\"><p data-start=\"922\" data-end=\"967\"><strong data-start=\"922\" data-end=\"940\">Fatiga cr\u00f3nica<\/strong> o cansancio persistente.<\/p><\/li><li data-start=\"968\" data-end=\"1018\"><p data-start=\"970\" data-end=\"1018\"><strong data-start=\"970\" data-end=\"1015\">Ansiedad, estr\u00e9s o alteraciones del sue\u00f1o<\/strong>.<\/p><\/li><li data-start=\"1019\" data-end=\"1085\"><p data-start=\"1021\" data-end=\"1085\"><strong data-start=\"1021\" data-end=\"1050\">Desequilibrios hormonales<\/strong> que afectan energ\u00eda y vitalidad.<\/p><\/li><li data-start=\"1086\" data-end=\"1162\"><p data-start=\"1088\" data-end=\"1162\"><strong data-start=\"1088\" data-end=\"1112\">Problemas digestivos<\/strong> relacionados con la conexi\u00f3n intestino-cerebro.<\/p><\/li><li data-start=\"1163\" data-end=\"1229\"><p data-start=\"1165\" data-end=\"1229\">Dificultades en la <strong data-start=\"1184\" data-end=\"1207\">recuperaci\u00f3n f\u00edsica<\/strong> o bajo rendimiento.<\/p><\/li><\/ul>\t\t\t\t\t\t\t\t<\/div>\n\t\t\t\t<\/div>\n\t\t\t\t\t<\/div>\n\t\t\t\t<\/div>\n\t\t<div class=\"elementor-element elementor-element-b25fd32 e-flex e-con-boxed e-con e-parent\" data-id=\"b25fd32\" data-element_type=\"container\" data-e-type=\"container\">\n\t\t\t\t\t<div class=\"e-con-inner\">\n\t\t\t\t<div class=\"elementor-element elementor-element-a1e6302 elementor-widget elementor-widget-text-editor\" data-id=\"a1e6302\" data-element_type=\"widget\" data-e-type=\"widget\" data-widget_type=\"text-editor.default\">\n\t\t\t\t\t\t\t\t\t<p>La <strong data-start=\"1234\" data-end=\"1278\">Evaluaci\u00f3n del Sistema Nervioso Aut\u00f3nomo<\/strong> no solo entrega un diagn\u00f3stico profundo de tu estado actual, sino que tambi\u00e9n abre la puerta a terapias espec\u00edficas que ayudan a <strong data-start=\"1408\" data-end=\"1453\">recuperar la armon\u00eda entre cuerpo y mente<\/strong>.<\/p>\t\t\t\t\t\t\t\t<\/div>\n\t\t\t\t\t<\/div>\n\t\t\t\t<\/div>\n\t\t\t\t<\/div>\n\t\t","protected":false},"excerpt":{"rendered":"<p>Conoce c\u00f3mo responde tu cuerpo al estr\u00e9s y recupera tu equilibrio En Cl\u00ednica LIVO contamos con un innovador servicio que permite evaluar el estado de tu sistema nervioso aut\u00f3nomo \u2014es decir, las ramas simp\u00e1tica y parasimp\u00e1tica\u2014 para comprender c\u00f3mo tu cuerpo se adapta al estr\u00e9s, el descanso, la digesti\u00f3n y la energ\u00eda diaria. A trav\u00e9s [&hellip;]<\/p>\n","protected":false},"author":1,"featured_media":0,"parent":0,"menu_order":0,"comment_status":"closed","ping_status":"closed","template":"elementor_header_footer","meta":{"zakra_sidebar_layout":"stretched","zakra_remove_content_margin":false,"zakra_sidebar":"customizer","zakra_transparent_header":"customizer","zakra_logo":0,"zakra_main_header_style":"default","zakra_menu_item_color":"","zakra_menu_item_hover_color":"","zakra_menu_item_active_color":"","zakra_menu_active_style":"","zakra_page_header":true,"_eb_attr":"","footnotes":""},"class_list":["post-2793","page","type-page","status-publish","hentry"],"_links":{"self":[{"href":"https:\/\/clinicalivo.cl\/index.php\/wp-json\/wp\/v2\/pages\/2793","targetHints":{"allow":["GET"]}}],"collection":[{"href":"https:\/\/clinicalivo.cl\/index.php\/wp-json\/wp\/v2\/pages"}],"about":[{"href":"https:\/\/clinicalivo.cl\/index.php\/wp-json\/wp\/v2\/types\/page"}],"author":[{"embeddable":true,"href":"https:\/\/clinicalivo.cl\/index.php\/wp-json\/wp\/v2\/users\/1"}],"replies":[{"embeddable":true,"href":"https:\/\/clinicalivo.cl\/index.php\/wp-json\/wp\/v2\/comments?post=2793"}],"version-history":[{"count":13,"href":"https:\/\/clinicalivo.cl\/index.php\/wp-json\/wp\/v2\/pages\/2793\/revisions"}],"predecessor-version":[{"id":2850,"href":"https:\/\/clinicalivo.cl\/index.php\/wp-json\/wp\/v2\/pages\/2793\/revisions\/2850"}],"wp:attachment":[{"href":"https:\/\/clinicalivo.cl\/index.php\/wp-json\/wp\/v2\/media?parent=2793"}],"curies":[{"name":"wp","href":"https:\/\/api.w.org\/{rel}","templated":true}]}}