{"id":2781,"date":"2025-09-14T21:48:56","date_gmt":"2025-09-14T21:48:56","guid":{"rendered":"https:\/\/clinicalivo.cl\/?page_id=2781"},"modified":"2025-09-22T16:05:48","modified_gmt":"2025-09-22T16:05:48","slug":"health-coaching","status":"publish","type":"page","link":"https:\/\/clinicalivo.cl\/index.php\/health-coaching\/","title":{"rendered":"Health Coaching"},"content":{"rendered":"\t\t<div data-elementor-type=\"wp-page\" data-elementor-id=\"2781\" class=\"elementor elementor-2781\">\n\t\t\t\t<div class=\"elementor-element elementor-element-d49639d e-flex e-con-boxed e-con e-parent\" data-id=\"d49639d\" data-element_type=\"container\" data-e-type=\"container\">\n\t\t\t\t\t<div class=\"e-con-inner\">\n\t\t<div class=\"elementor-element elementor-element-8ff0d3f e-flex e-con-boxed e-con e-child\" data-id=\"8ff0d3f\" data-element_type=\"container\" data-e-type=\"container\">\n\t\t\t\t\t<div class=\"e-con-inner\">\n\t\t<div class=\"elementor-element elementor-element-c0f10b3 e-flex e-con-boxed e-con e-child\" data-id=\"c0f10b3\" data-element_type=\"container\" data-e-type=\"container\">\n\t\t\t\t\t<div class=\"e-con-inner\">\n\t\t\t\t<div class=\"elementor-element elementor-element-fee99ba elementor-widget elementor-widget-heading\" data-id=\"fee99ba\" data-element_type=\"widget\" data-e-type=\"widget\" data-widget_type=\"heading.default\">\n\t\t\t\t\t<h2 class=\"elementor-heading-title elementor-size-default\">Un acompa\u00f1amiento cercano para transformar tu estilo de vida<\/h2>\t\t\t\t<\/div>\n\t\t\t\t\t<\/div>\n\t\t\t\t<\/div>\n\t\t\t\t\t<\/div>\n\t\t\t\t<\/div>\n\t\t\t\t\t<\/div>\n\t\t\t\t<\/div>\n\t\t<div class=\"elementor-element elementor-element-701b295 e-flex e-con-boxed e-con e-parent\" data-id=\"701b295\" data-element_type=\"container\" data-e-type=\"container\">\n\t\t\t\t\t<div class=\"e-con-inner\">\n\t\t<div class=\"elementor-element elementor-element-4de20e3 e-con-full e-flex e-con e-child\" data-id=\"4de20e3\" data-element_type=\"container\" data-e-type=\"container\">\n\t\t\t\t<div class=\"elementor-element elementor-element-844ca26 elementor-widget elementor-widget-image\" data-id=\"844ca26\" data-element_type=\"widget\" data-e-type=\"widget\" data-widget_type=\"image.default\">\n\t\t\t\t\t\t\t\t\t\t\t\t\t\t\t<img fetchpriority=\"high\" decoding=\"async\" width=\"681\" height=\"1024\" src=\"https:\/\/clinicalivo.cl\/wp-content\/uploads\/2025\/09\/2148681008-681x1024.webp\" class=\"attachment-large size-large wp-image-2786\" alt=\"\" srcset=\"https:\/\/clinicalivo.cl\/wp-content\/uploads\/2025\/09\/2148681008-681x1024.webp 681w, https:\/\/clinicalivo.cl\/wp-content\/uploads\/2025\/09\/2148681008-200x300.webp 200w, https:\/\/clinicalivo.cl\/wp-content\/uploads\/2025\/09\/2148681008-768x1154.webp 768w, https:\/\/clinicalivo.cl\/wp-content\/uploads\/2025\/09\/2148681008.webp 998w\" sizes=\"(max-width: 681px) 100vw, 681px\" \/>\t\t\t\t\t\t\t\t\t\t\t\t\t\t\t<\/div>\n\t\t\t\t<\/div>\n\t\t<div class=\"elementor-element elementor-element-d9f673c e-con-full e-flex e-con e-child\" data-id=\"d9f673c\" data-element_type=\"container\" data-e-type=\"container\">\n\t\t\t\t<div class=\"elementor-element elementor-element-13e378b elementor-widget elementor-widget-text-editor\" data-id=\"13e378b\" data-element_type=\"widget\" data-e-type=\"widget\" data-widget_type=\"text-editor.default\">\n\t\t\t\t\t\t\t\t\t<p>En <strong data-start=\"269\" data-end=\"285\">Cl\u00ednica LIVO<\/strong>, entendemos que el verdadero bienestar no depende de cambios r\u00e1pidos, sino de construir <strong data-start=\"374\" data-end=\"397\">h\u00e1bitos sostenibles<\/strong> que se mantengan en el tiempo. El <strong data-start=\"432\" data-end=\"451\">Health Coaching<\/strong> es un proceso de acompa\u00f1amiento personalizado que combina <strong data-start=\"510\" data-end=\"571\">educaci\u00f3n en salud, cambio de h\u00e1bitos y gesti\u00f3n emocional<\/strong>, con el objetivo de ayudarte a vivir en equilibrio y plenitud.<\/p>\t\t\t\t\t\t\t\t<\/div>\n\t\t\t\t<div class=\"elementor-element elementor-element-db65d03 elementor-widget elementor-widget-text-editor\" data-id=\"db65d03\" data-element_type=\"widget\" data-e-type=\"widget\" data-widget_type=\"text-editor.default\">\n\t\t\t\t\t\t\t\t\t<p data-start=\"638\" data-end=\"711\">Nuestro equipo de coaches te ofrece un espacio seguro y motivador para:<\/p><ul data-start=\"713\" data-end=\"1133\"><li data-start=\"713\" data-end=\"774\"><p data-start=\"715\" data-end=\"774\">Identificar los <strong data-start=\"731\" data-end=\"743\">bloqueos<\/strong> que dificultan tu bienestar.<\/p><\/li><li data-start=\"775\" data-end=\"842\"><p data-start=\"777\" data-end=\"842\">Establecer <strong data-start=\"788\" data-end=\"818\">metas reales y alcanzables<\/strong>, adaptadas a tu vida.<\/p><\/li><li data-start=\"843\" data-end=\"925\"><p data-start=\"845\" data-end=\"925\">Sostener los cambios necesarios para transformar tu salud desde la conciencia.<\/p><\/li><li data-start=\"926\" data-end=\"1036\"><p data-start=\"928\" data-end=\"1036\">Incorporar <strong data-start=\"939\" data-end=\"961\">h\u00e1bitos saludables<\/strong> relacionados con alimentaci\u00f3n, movimiento, descanso y manejo del estr\u00e9s.<\/p><\/li><li data-start=\"1037\" data-end=\"1133\"><p data-start=\"1039\" data-end=\"1133\">Encontrar tu propio ritmo y estilo de autocuidado, libre de culpas y restricciones extremas.<\/p><\/li><\/ul><p data-start=\"1135\" data-end=\"1424\">El Health Coaching es el complemento perfecto para quienes est\u00e1n en un proceso de <strong data-start=\"1217\" data-end=\"1294\">nutrici\u00f3n funcional, terapia m\u00e9dica o b\u00fasqueda de un mejor estilo de vida<\/strong>, ya que entrega herramientas pr\u00e1cticas para integrar de forma natural las indicaciones m\u00e9dicas y nutricionales en el d\u00eda a d\u00eda.<\/p>\t\t\t\t\t\t\t\t<\/div>\n\t\t\t\t<\/div>\n\t\t\t\t\t<\/div>\n\t\t\t\t<\/div>\n\t\t<div class=\"elementor-element elementor-element-b25fd32 e-flex e-con-boxed e-con e-parent\" data-id=\"b25fd32\" data-element_type=\"container\" data-e-type=\"container\">\n\t\t\t\t\t<div class=\"e-con-inner\">\n\t\t\t\t<div class=\"elementor-element elementor-element-a1e6302 elementor-widget elementor-widget-text-editor\" data-id=\"a1e6302\" data-element_type=\"widget\" data-e-type=\"widget\" data-widget_type=\"text-editor.default\">\n\t\t\t\t\t\t\t\t\t<p>Cada sesi\u00f3n es una oportunidad para <strong data-start=\"1462\" data-end=\"1530\">ordenar tu camino, mantener la motivaci\u00f3n y avanzar con claridad<\/strong>, acompa\u00f1ado siempre por un profesional que entiende tu realidad y respeta tu proceso.<\/p>\t\t\t\t\t\t\t\t<\/div>\n\t\t\t\t\t<\/div>\n\t\t\t\t<\/div>\n\t\t\t\t<\/div>\n\t\t","protected":false},"excerpt":{"rendered":"<p>Un acompa\u00f1amiento cercano para transformar tu estilo de vida En Cl\u00ednica LIVO, entendemos que el verdadero bienestar no depende de cambios r\u00e1pidos, sino de construir h\u00e1bitos sostenibles que se mantengan en el tiempo. El Health Coaching es un proceso de acompa\u00f1amiento personalizado que combina educaci\u00f3n en salud, cambio de h\u00e1bitos y gesti\u00f3n emocional, con el [&hellip;]<\/p>\n","protected":false},"author":1,"featured_media":0,"parent":0,"menu_order":0,"comment_status":"closed","ping_status":"closed","template":"elementor_header_footer","meta":{"zakra_sidebar_layout":"stretched","zakra_remove_content_margin":false,"zakra_sidebar":"customizer","zakra_transparent_header":"customizer","zakra_logo":0,"zakra_main_header_style":"default","zakra_menu_item_color":"","zakra_menu_item_hover_color":"","zakra_menu_item_active_color":"","zakra_menu_active_style":"","zakra_page_header":true,"_eb_attr":"","footnotes":""},"class_list":["post-2781","page","type-page","status-publish","hentry"],"_links":{"self":[{"href":"https:\/\/clinicalivo.cl\/index.php\/wp-json\/wp\/v2\/pages\/2781","targetHints":{"allow":["GET"]}}],"collection":[{"href":"https:\/\/clinicalivo.cl\/index.php\/wp-json\/wp\/v2\/pages"}],"about":[{"href":"https:\/\/clinicalivo.cl\/index.php\/wp-json\/wp\/v2\/types\/page"}],"author":[{"embeddable":true,"href":"https:\/\/clinicalivo.cl\/index.php\/wp-json\/wp\/v2\/users\/1"}],"replies":[{"embeddable":true,"href":"https:\/\/clinicalivo.cl\/index.php\/wp-json\/wp\/v2\/comments?post=2781"}],"version-history":[{"count":10,"href":"https:\/\/clinicalivo.cl\/index.php\/wp-json\/wp\/v2\/pages\/2781\/revisions"}],"predecessor-version":[{"id":2884,"href":"https:\/\/clinicalivo.cl\/index.php\/wp-json\/wp\/v2\/pages\/2781\/revisions\/2884"}],"wp:attachment":[{"href":"https:\/\/clinicalivo.cl\/index.php\/wp-json\/wp\/v2\/media?parent=2781"}],"curies":[{"name":"wp","href":"https:\/\/api.w.org\/{rel}","templated":true}]}}