{"id":2664,"date":"2025-07-27T20:52:06","date_gmt":"2025-07-27T20:52:06","guid":{"rendered":"https:\/\/clinicalivo.cl\/?page_id=2664"},"modified":"2025-09-22T15:59:04","modified_gmt":"2025-09-22T15:59:04","slug":"nutricion-integrativa","status":"publish","type":"page","link":"https:\/\/clinicalivo.cl\/index.php\/nutricion-integrativa\/","title":{"rendered":"Nutrici\u00f3n Integrativa"},"content":{"rendered":"\t\t<div data-elementor-type=\"wp-page\" data-elementor-id=\"2664\" class=\"elementor elementor-2664\">\n\t\t\t\t<div class=\"elementor-element elementor-element-d49639d e-flex e-con-boxed e-con e-parent\" data-id=\"d49639d\" data-element_type=\"container\" data-e-type=\"container\">\n\t\t\t\t\t<div class=\"e-con-inner\">\n\t\t<div class=\"elementor-element elementor-element-8ff0d3f e-flex e-con-boxed e-con e-child\" data-id=\"8ff0d3f\" data-element_type=\"container\" data-e-type=\"container\">\n\t\t\t\t\t<div class=\"e-con-inner\">\n\t\t<div class=\"elementor-element elementor-element-c0f10b3 e-flex e-con-boxed e-con e-child\" data-id=\"c0f10b3\" data-element_type=\"container\" data-e-type=\"container\">\n\t\t\t\t\t<div class=\"e-con-inner\">\n\t\t\t\t<div class=\"elementor-element elementor-element-fee99ba elementor-widget elementor-widget-heading\" data-id=\"fee99ba\" data-element_type=\"widget\" data-e-type=\"widget\" data-widget_type=\"heading.default\">\n\t\t\t\t\t<h2 class=\"elementor-heading-title elementor-size-default\">Alim\u00e9ntate con conciencia, transforma tu salud desde adentro<\/h2>\t\t\t\t<\/div>\n\t\t\t\t\t<\/div>\n\t\t\t\t<\/div>\n\t\t\t\t\t<\/div>\n\t\t\t\t<\/div>\n\t\t\t\t\t<\/div>\n\t\t\t\t<\/div>\n\t\t<div class=\"elementor-element elementor-element-701b295 e-flex e-con-boxed e-con e-parent\" data-id=\"701b295\" data-element_type=\"container\" data-e-type=\"container\">\n\t\t\t\t\t<div class=\"e-con-inner\">\n\t\t<div class=\"elementor-element elementor-element-4de20e3 e-con-full e-flex e-con e-child\" data-id=\"4de20e3\" data-element_type=\"container\" data-e-type=\"container\">\n\t\t\t\t<div class=\"elementor-element elementor-element-844ca26 elementor-widget elementor-widget-image\" data-id=\"844ca26\" data-element_type=\"widget\" data-e-type=\"widget\" data-widget_type=\"image.default\">\n\t\t\t\t\t\t\t\t\t\t\t\t\t\t\t<img fetchpriority=\"high\" decoding=\"async\" width=\"400\" height=\"400\" src=\"https:\/\/clinicalivo.cl\/wp-content\/uploads\/2025\/07\/NUTRICION@2x.webp\" class=\"attachment-large size-large wp-image-2484\" alt=\"\" srcset=\"https:\/\/clinicalivo.cl\/wp-content\/uploads\/2025\/07\/NUTRICION@2x.webp 400w, https:\/\/clinicalivo.cl\/wp-content\/uploads\/2025\/07\/NUTRICION@2x-300x300.webp 300w, https:\/\/clinicalivo.cl\/wp-content\/uploads\/2025\/07\/NUTRICION@2x-150x150.webp 150w\" sizes=\"(max-width: 400px) 100vw, 400px\" \/>\t\t\t\t\t\t\t\t\t\t\t\t\t\t\t<\/div>\n\t\t\t\t<\/div>\n\t\t<div class=\"elementor-element elementor-element-d9f673c e-con-full e-flex e-con e-child\" data-id=\"d9f673c\" data-element_type=\"container\" data-e-type=\"container\">\n\t\t\t\t<div class=\"elementor-element elementor-element-13e378b elementor-widget elementor-widget-text-editor\" data-id=\"13e378b\" data-element_type=\"widget\" data-e-type=\"widget\" data-widget_type=\"text-editor.default\">\n\t\t\t\t\t\t\t\t\t<p data-start=\"332\" data-end=\"565\">En <strong data-start=\"335\" data-end=\"351\">Cl\u00ednica LIVO<\/strong>, entendemos que la alimentaci\u00f3n va mucho m\u00e1s all\u00e1 de contar calor\u00edas. La <strong data-start=\"425\" data-end=\"450\">Nutrici\u00f3n Integrativa<\/strong> es una herramienta terap\u00e9utica que considera a cada persona en su totalidad: cuerpo, mente, entorno y prop\u00f3sito.<\/p><p data-start=\"567\" data-end=\"718\">Nuestro enfoque combina <strong data-start=\"591\" data-end=\"648\">nutrici\u00f3n antiinflamatoria basada en alimentos reales<\/strong>, educaci\u00f3n alimentaria y un acompa\u00f1amiento cercano y personalizado.<\/p>\t\t\t\t\t\t\t\t<\/div>\n\t\t\t\t<div class=\"elementor-element elementor-element-db65d03 elementor-widget elementor-widget-text-editor\" data-id=\"db65d03\" data-element_type=\"widget\" data-e-type=\"widget\" data-widget_type=\"text-editor.default\">\n\t\t\t\t\t\t\t\t\t<p>Nos enfocamos en:<br data-start=\"737\" data-end=\"740\" \/>\u2714 Equilibrar tu sistema digestivo y salud intestinal<br data-start=\"792\" data-end=\"795\" \/>\u2714 Regular tus hormonas de forma natural<br data-start=\"834\" data-end=\"837\" \/>\u2714 Mejorar tu energ\u00eda, metabolismo y vitalidad<br data-start=\"882\" data-end=\"885\" \/>\u2714 Acompa\u00f1arte en procesos como p\u00e9rdida de peso, resistencia a la insulina, fatiga cr\u00f3nica, SOP, salud femenina y m\u00e1s<\/p>\t\t\t\t\t\t\t\t<\/div>\n\t\t\t\t<\/div>\n\t\t\t\t\t<\/div>\n\t\t\t\t<\/div>\n\t\t<div class=\"elementor-element elementor-element-b25fd32 e-flex e-con-boxed e-con e-parent\" data-id=\"b25fd32\" data-element_type=\"container\" data-e-type=\"container\">\n\t\t\t\t\t<div class=\"e-con-inner\">\n\t\t\t\t<div class=\"elementor-element elementor-element-12a4760 elementor-widget elementor-widget-text-editor\" data-id=\"12a4760\" data-element_type=\"widget\" data-e-type=\"widget\" data-widget_type=\"text-editor.default\">\n\t\t\t\t\t\t\t\t\t<p>\ud83d\udc9a M\u00e1s que darte una pauta, te ayudamos a:<br data-start=\"1045\" data-end=\"1048\" \/>\u2728 Reconectar con tu cuerpo<br data-start=\"1074\" data-end=\"1077\" \/>\u2728 Escuchar sus necesidades reales<br data-start=\"1110\" data-end=\"1113\" \/>\u2728 Tomar decisiones sostenibles que te acompa\u00f1en toda la vida<\/p>\t\t\t\t\t\t\t\t<\/div>\n\t\t\t\t<div class=\"elementor-element elementor-element-a1e6302 elementor-widget elementor-widget-text-editor\" data-id=\"a1e6302\" data-element_type=\"widget\" data-e-type=\"widget\" data-widget_type=\"text-editor.default\">\n\t\t\t\t\t\t\t\t\t<p>Ideal para quienes desean un cambio profundo, consciente y duradero en su relaci\u00f3n con la comida y la salud.<\/p>\t\t\t\t\t\t\t\t<\/div>\n\t\t\t\t\t<\/div>\n\t\t\t\t<\/div>\n\t\t\t\t<\/div>\n\t\t","protected":false},"excerpt":{"rendered":"<p>Alim\u00e9ntate con conciencia, transforma tu salud desde adentro En Cl\u00ednica LIVO, entendemos que la alimentaci\u00f3n va mucho m\u00e1s all\u00e1 de contar calor\u00edas. La Nutrici\u00f3n Integrativa es una herramienta terap\u00e9utica que considera a cada persona en su totalidad: cuerpo, mente, entorno y prop\u00f3sito. Nuestro enfoque combina nutrici\u00f3n antiinflamatoria basada en alimentos reales, educaci\u00f3n alimentaria y un [&hellip;]<\/p>\n","protected":false},"author":1,"featured_media":0,"parent":0,"menu_order":0,"comment_status":"closed","ping_status":"closed","template":"elementor_header_footer","meta":{"zakra_sidebar_layout":"stretched","zakra_remove_content_margin":false,"zakra_sidebar":"customizer","zakra_transparent_header":"customizer","zakra_logo":0,"zakra_main_header_style":"default","zakra_menu_item_color":"","zakra_menu_item_hover_color":"","zakra_menu_item_active_color":"","zakra_menu_active_style":"","zakra_page_header":true,"_eb_attr":"","footnotes":""},"class_list":["post-2664","page","type-page","status-publish","hentry"],"_links":{"self":[{"href":"https:\/\/clinicalivo.cl\/index.php\/wp-json\/wp\/v2\/pages\/2664","targetHints":{"allow":["GET"]}}],"collection":[{"href":"https:\/\/clinicalivo.cl\/index.php\/wp-json\/wp\/v2\/pages"}],"about":[{"href":"https:\/\/clinicalivo.cl\/index.php\/wp-json\/wp\/v2\/types\/page"}],"author":[{"embeddable":true,"href":"https:\/\/clinicalivo.cl\/index.php\/wp-json\/wp\/v2\/users\/1"}],"replies":[{"embeddable":true,"href":"https:\/\/clinicalivo.cl\/index.php\/wp-json\/wp\/v2\/comments?post=2664"}],"version-history":[{"count":8,"href":"https:\/\/clinicalivo.cl\/index.php\/wp-json\/wp\/v2\/pages\/2664\/revisions"}],"predecessor-version":[{"id":2880,"href":"https:\/\/clinicalivo.cl\/index.php\/wp-json\/wp\/v2\/pages\/2664\/revisions\/2880"}],"wp:attachment":[{"href":"https:\/\/clinicalivo.cl\/index.php\/wp-json\/wp\/v2\/media?parent=2664"}],"curies":[{"name":"wp","href":"https:\/\/api.w.org\/{rel}","templated":true}]}}