{"id":2652,"date":"2025-07-27T19:30:39","date_gmt":"2025-07-27T19:30:39","guid":{"rendered":"https:\/\/clinicalivo.cl\/?page_id=2652"},"modified":"2025-09-22T16:07:50","modified_gmt":"2025-09-22T16:07:50","slug":"medicina-funcional","status":"publish","type":"page","link":"https:\/\/clinicalivo.cl\/index.php\/medicina-funcional\/","title":{"rendered":"Medicina y Longevidad Funcional"},"content":{"rendered":"\t\t<div data-elementor-type=\"wp-page\" data-elementor-id=\"2652\" class=\"elementor elementor-2652\">\n\t\t\t\t<div class=\"elementor-element elementor-element-d49639d e-flex e-con-boxed e-con e-parent\" data-id=\"d49639d\" data-element_type=\"container\" data-e-type=\"container\">\n\t\t\t\t\t<div class=\"e-con-inner\">\n\t\t<div class=\"elementor-element elementor-element-8ff0d3f e-flex e-con-boxed e-con e-child\" data-id=\"8ff0d3f\" data-element_type=\"container\" data-e-type=\"container\">\n\t\t\t\t\t<div class=\"e-con-inner\">\n\t\t<div class=\"elementor-element elementor-element-c0f10b3 e-flex e-con-boxed e-con e-child\" data-id=\"c0f10b3\" data-element_type=\"container\" data-e-type=\"container\">\n\t\t\t\t\t<div class=\"e-con-inner\">\n\t\t\t\t<div class=\"elementor-element elementor-element-fee99ba elementor-widget elementor-widget-heading\" data-id=\"fee99ba\" data-element_type=\"widget\" data-e-type=\"widget\" data-widget_type=\"heading.default\">\n\t\t\t\t\t<h2 class=\"elementor-heading-title elementor-size-default\">Vivir m\u00e1s a\u00f1os, con m\u00e1s vitalidad, claridad y prop\u00f3sito<\/h2>\t\t\t\t<\/div>\n\t\t\t\t\t<\/div>\n\t\t\t\t<\/div>\n\t\t\t\t\t<\/div>\n\t\t\t\t<\/div>\n\t\t\t\t\t<\/div>\n\t\t\t\t<\/div>\n\t\t<div class=\"elementor-element elementor-element-701b295 e-flex e-con-boxed e-con e-parent\" data-id=\"701b295\" data-element_type=\"container\" data-e-type=\"container\">\n\t\t\t\t\t<div class=\"e-con-inner\">\n\t\t<div class=\"elementor-element elementor-element-4de20e3 e-con-full e-flex e-con e-child\" data-id=\"4de20e3\" data-element_type=\"container\" data-e-type=\"container\">\n\t\t\t\t<div class=\"elementor-element elementor-element-844ca26 elementor-widget elementor-widget-image\" data-id=\"844ca26\" data-element_type=\"widget\" data-e-type=\"widget\" data-widget_type=\"image.default\">\n\t\t\t\t\t\t\t\t\t\t\t\t\t\t\t<img fetchpriority=\"high\" decoding=\"async\" width=\"768\" height=\"1024\" src=\"https:\/\/clinicalivo.cl\/wp-content\/uploads\/2025\/07\/IMG_7870-1-768x1024.webp\" class=\"attachment-large size-large wp-image-2657\" alt=\"\" srcset=\"https:\/\/clinicalivo.cl\/wp-content\/uploads\/2025\/07\/IMG_7870-1-768x1024.webp 768w, https:\/\/clinicalivo.cl\/wp-content\/uploads\/2025\/07\/IMG_7870-1-225x300.webp 225w, https:\/\/clinicalivo.cl\/wp-content\/uploads\/2025\/07\/IMG_7870-1-1152x1536.webp 1152w, https:\/\/clinicalivo.cl\/wp-content\/uploads\/2025\/07\/IMG_7870-1-scaled.webp 1440w\" sizes=\"(max-width: 768px) 100vw, 768px\" \/>\t\t\t\t\t\t\t\t\t\t\t\t\t\t\t<\/div>\n\t\t\t\t<\/div>\n\t\t<div class=\"elementor-element elementor-element-d9f673c e-con-full e-flex e-con e-child\" data-id=\"d9f673c\" data-element_type=\"container\" data-e-type=\"container\">\n\t\t\t\t<div class=\"elementor-element elementor-element-13e378b elementor-widget elementor-widget-text-editor\" data-id=\"13e378b\" data-element_type=\"widget\" data-e-type=\"widget\" data-widget_type=\"text-editor.default\">\n\t\t\t\t\t\t\t\t\t<p data-start=\"314\" data-end=\"508\">En <strong data-start=\"317\" data-end=\"333\">Cl\u00ednica LIVO<\/strong>, nuestra consulta m\u00e9dica est\u00e1 dise\u00f1ada para quienes buscan <strong data-start=\"393\" data-end=\"452\">prevenir y tratar desequilibrios de salud desde la ra\u00edz<\/strong>, con un enfoque funcional, integrativo y personalizado.<\/p><p data-start=\"510\" data-end=\"792\">A diferencia de la medicina tradicional, que se centra en aliviar s\u00edntomas, la <strong data-start=\"589\" data-end=\"627\">medicina funcional y de longevidad<\/strong> indaga en los <strong data-start=\"642\" data-end=\"676\">factores causales y sist\u00e9micos<\/strong> que afectan tu bienestar: metabolismo, salud hormonal, inflamaci\u00f3n cr\u00f3nica, estado inmune, vitalidad celular y m\u00e1s.<\/p>\t\t\t\t\t\t\t\t<\/div>\n\t\t\t\t<div class=\"elementor-element elementor-element-db65d03 elementor-widget elementor-widget-text-editor\" data-id=\"db65d03\" data-element_type=\"widget\" data-e-type=\"widget\" data-widget_type=\"text-editor.default\">\n\t\t\t\t\t\t\t\t\t<p>\ud83d\udc69\u200d\u2695\ufe0f Cada evaluaci\u00f3n incluye:<br data-start=\"824\" data-end=\"827\" \/>\u2714 Historia cl\u00ednica profunda<br data-start=\"854\" data-end=\"857\" \/>\u2714 Revisi\u00f3n de h\u00e1bitos, entorno y antecedentes<br data-start=\"902\" data-end=\"905\" \/>\u2714 Ex\u00e1menes avanzados y personalizados<br data-start=\"942\" data-end=\"945\" \/>\u2714 Plan de acci\u00f3n enfocado en la <strong data-start=\"977\" data-end=\"1027\">prevenci\u00f3n activa y regeneraci\u00f3n del organismo<\/strong><\/p>\t\t\t\t\t\t\t\t<\/div>\n\t\t\t\t<\/div>\n\t\t\t\t\t<\/div>\n\t\t\t\t<\/div>\n\t\t<div class=\"elementor-element elementor-element-b25fd32 e-flex e-con-boxed e-con e-parent\" data-id=\"b25fd32\" data-element_type=\"container\" data-e-type=\"container\">\n\t\t\t\t\t<div class=\"e-con-inner\">\n\t\t\t\t<div class=\"elementor-element elementor-element-12a4760 elementor-widget elementor-widget-text-editor\" data-id=\"12a4760\" data-element_type=\"widget\" data-e-type=\"widget\" data-widget_type=\"text-editor.default\">\n\t\t\t\t\t\t\t\t\t<p>Nuestro objetivo no es solo que vivas m\u00e1s a\u00f1os, sino que los vivas <strong data-start=\"1096\" data-end=\"1165\">con energ\u00eda, claridad mental, fuerza f\u00edsica y bienestar emocional<\/strong>.<br data-start=\"1166\" data-end=\"1169\" \/>Por eso, cada plan puede incluir desde ajustes nutricionales y de estilo de vida, hasta <strong data-start=\"1257\" data-end=\"1337\">suplementaci\u00f3n, terapias regenerativas y t\u00e9cnicas de optimizaci\u00f3n funcional.<\/strong><\/p>\t\t\t\t\t\t\t\t<\/div>\n\t\t\t\t<div class=\"elementor-element elementor-element-a1e6302 elementor-widget elementor-widget-text-editor\" data-id=\"a1e6302\" data-element_type=\"widget\" data-e-type=\"widget\" data-widget_type=\"text-editor.default\">\n\t\t\t\t\t\t\t\t\t<p><em data-start=\"1346\" data-end=\"1425\">La longevidad no se trata solo de sumar a\u00f1os, sino de sumar vida a esos a\u00f1os.<\/em><\/p>\t\t\t\t\t\t\t\t<\/div>\n\t\t\t\t\t<\/div>\n\t\t\t\t<\/div>\n\t\t\t\t<\/div>\n\t\t","protected":false},"excerpt":{"rendered":"<p>Vivir m\u00e1s a\u00f1os, con m\u00e1s vitalidad, claridad y prop\u00f3sito En Cl\u00ednica LIVO, nuestra consulta m\u00e9dica est\u00e1 dise\u00f1ada para quienes buscan prevenir y tratar desequilibrios de salud desde la ra\u00edz, con un enfoque funcional, integrativo y personalizado. A diferencia de la medicina tradicional, que se centra en aliviar s\u00edntomas, la medicina funcional y de longevidad indaga [&hellip;]<\/p>\n","protected":false},"author":1,"featured_media":0,"parent":0,"menu_order":0,"comment_status":"closed","ping_status":"closed","template":"elementor_header_footer","meta":{"zakra_sidebar_layout":"stretched","zakra_remove_content_margin":false,"zakra_sidebar":"customizer","zakra_transparent_header":"customizer","zakra_logo":0,"zakra_main_header_style":"default","zakra_menu_item_color":"","zakra_menu_item_hover_color":"","zakra_menu_item_active_color":"","zakra_menu_active_style":"","zakra_page_header":true,"_eb_attr":"","footnotes":""},"class_list":["post-2652","page","type-page","status-publish","hentry"],"_links":{"self":[{"href":"https:\/\/clinicalivo.cl\/index.php\/wp-json\/wp\/v2\/pages\/2652","targetHints":{"allow":["GET"]}}],"collection":[{"href":"https:\/\/clinicalivo.cl\/index.php\/wp-json\/wp\/v2\/pages"}],"about":[{"href":"https:\/\/clinicalivo.cl\/index.php\/wp-json\/wp\/v2\/types\/page"}],"author":[{"embeddable":true,"href":"https:\/\/clinicalivo.cl\/index.php\/wp-json\/wp\/v2\/users\/1"}],"replies":[{"embeddable":true,"href":"https:\/\/clinicalivo.cl\/index.php\/wp-json\/wp\/v2\/comments?post=2652"}],"version-history":[{"count":12,"href":"https:\/\/clinicalivo.cl\/index.php\/wp-json\/wp\/v2\/pages\/2652\/revisions"}],"predecessor-version":[{"id":2889,"href":"https:\/\/clinicalivo.cl\/index.php\/wp-json\/wp\/v2\/pages\/2652\/revisions\/2889"}],"wp:attachment":[{"href":"https:\/\/clinicalivo.cl\/index.php\/wp-json\/wp\/v2\/media?parent=2652"}],"curies":[{"name":"wp","href":"https:\/\/api.w.org\/{rel}","templated":true}]}}