{"id":2617,"date":"2025-07-27T17:18:44","date_gmt":"2025-07-27T17:18:44","guid":{"rendered":"https:\/\/clinicalivo.cl\/?page_id=2617"},"modified":"2025-09-22T15:45:18","modified_gmt":"2025-09-22T15:45:18","slug":"sueroterapia","status":"publish","type":"page","link":"https:\/\/clinicalivo.cl\/index.php\/sueroterapia\/","title":{"rendered":"Sueroterapia"},"content":{"rendered":"\t\t<div data-elementor-type=\"wp-page\" data-elementor-id=\"2617\" class=\"elementor elementor-2617\">\n\t\t\t\t<div class=\"elementor-element elementor-element-d49639d e-flex e-con-boxed e-con e-parent\" data-id=\"d49639d\" data-element_type=\"container\" data-e-type=\"container\">\n\t\t\t\t\t<div class=\"e-con-inner\">\n\t\t<div class=\"elementor-element elementor-element-8ff0d3f e-flex e-con-boxed e-con e-child\" data-id=\"8ff0d3f\" data-element_type=\"container\" data-e-type=\"container\">\n\t\t\t\t\t<div class=\"e-con-inner\">\n\t\t<div class=\"elementor-element elementor-element-c0f10b3 e-flex e-con-boxed e-con e-child\" data-id=\"c0f10b3\" data-element_type=\"container\" data-e-type=\"container\">\n\t\t\t\t\t<div class=\"e-con-inner\">\n\t\t\t\t<div class=\"elementor-element elementor-element-fee99ba elementor-widget elementor-widget-heading\" data-id=\"fee99ba\" data-element_type=\"widget\" data-e-type=\"widget\" data-widget_type=\"heading.default\">\n\t\t\t\t\t<h2 class=\"elementor-heading-title elementor-size-default\">Recarga tu salud desde adentro con f\u00f3rmulas dise\u00f1adas para ti<\/h2>\t\t\t\t<\/div>\n\t\t\t\t\t<\/div>\n\t\t\t\t<\/div>\n\t\t\t\t\t<\/div>\n\t\t\t\t<\/div>\n\t\t\t\t\t<\/div>\n\t\t\t\t<\/div>\n\t\t<div class=\"elementor-element elementor-element-701b295 e-flex e-con-boxed e-con e-parent\" data-id=\"701b295\" data-element_type=\"container\" data-e-type=\"container\">\n\t\t\t\t\t<div class=\"e-con-inner\">\n\t\t<div class=\"elementor-element elementor-element-4de20e3 e-con-full e-flex e-con e-child\" data-id=\"4de20e3\" data-element_type=\"container\" data-e-type=\"container\">\n\t\t\t\t<div class=\"elementor-element elementor-element-844ca26 elementor-widget elementor-widget-image\" data-id=\"844ca26\" data-element_type=\"widget\" data-e-type=\"widget\" data-widget_type=\"image.default\">\n\t\t\t\t\t\t\t\t\t\t\t\t\t\t\t<img fetchpriority=\"high\" decoding=\"async\" width=\"819\" height=\"1024\" src=\"https:\/\/clinicalivo.cl\/wp-content\/uploads\/2025\/07\/Mesa-de-trabajo32@2x-819x1024.webp\" class=\"attachment-large size-large wp-image-2623\" alt=\"\" srcset=\"https:\/\/clinicalivo.cl\/wp-content\/uploads\/2025\/07\/Mesa-de-trabajo32@2x-819x1024.webp 819w, https:\/\/clinicalivo.cl\/wp-content\/uploads\/2025\/07\/Mesa-de-trabajo32@2x-240x300.webp 240w, https:\/\/clinicalivo.cl\/wp-content\/uploads\/2025\/07\/Mesa-de-trabajo32@2x-768x960.webp 768w, https:\/\/clinicalivo.cl\/wp-content\/uploads\/2025\/07\/Mesa-de-trabajo32@2x.webp 1080w\" sizes=\"(max-width: 819px) 100vw, 819px\" \/>\t\t\t\t\t\t\t\t\t\t\t\t\t\t\t<\/div>\n\t\t\t\t<\/div>\n\t\t<div class=\"elementor-element elementor-element-d9f673c e-con-full e-flex e-con e-child\" data-id=\"d9f673c\" data-element_type=\"container\" data-e-type=\"container\">\n\t\t\t\t<div class=\"elementor-element elementor-element-13e378b elementor-widget elementor-widget-text-editor\" data-id=\"13e378b\" data-element_type=\"widget\" data-e-type=\"widget\" data-widget_type=\"text-editor.default\">\n\t\t\t\t\t\t\t\t\t<p data-start=\"341\" data-end=\"640\">La <strong data-start=\"344\" data-end=\"360\">sueroterapia<\/strong> es una herramienta terap\u00e9utica clave dentro de la medicina funcional, que permite administrar de forma directa al torrente sangu\u00edneo una combinaci\u00f3n precisa de <strong data-start=\"521\" data-end=\"584\">vitaminas, minerales, antioxidantes y compuestos bioactivos<\/strong>, logrando una absorci\u00f3n inmediata y altamente efectiva.<\/p><p data-start=\"642\" data-end=\"772\">En <strong data-start=\"645\" data-end=\"661\">Cl\u00ednica LIVO<\/strong>, cada suero es <strong data-start=\"677\" data-end=\"728\">personalizado seg\u00fan tus necesidades espec\u00edficas<\/strong>. Puedes elegir entre f\u00f3rmulas enfocadas en:<\/p>\t\t\t\t\t\t\t\t<\/div>\n\t\t\t\t<div class=\"elementor-element elementor-element-db65d03 elementor-widget elementor-widget-text-editor\" data-id=\"db65d03\" data-element_type=\"widget\" data-e-type=\"widget\" data-widget_type=\"text-editor.default\">\n\t\t\t\t\t\t\t\t\t<p>\u2705 Aumentar tus niveles de energ\u00eda<br data-start=\"807\" data-end=\"810\" \/>\u2705 Fortalecer el sistema inmune<br data-start=\"840\" data-end=\"843\" \/>\u2705 Apoyar la desintoxicaci\u00f3n hep\u00e1tica<br data-start=\"879\" data-end=\"882\" \/>\u2705 Mejorar la salud de tu piel, cabello y u\u00f1as<br data-start=\"927\" data-end=\"930\" \/>\u2705 Regular el sistema nervioso<br data-start=\"959\" data-end=\"962\" \/>\u2705 Recuperarte despu\u00e9s de periodos de estr\u00e9s o desgaste f\u00edsico<\/p>\t\t\t\t\t\t\t\t<\/div>\n\t\t\t\t<\/div>\n\t\t\t\t\t<\/div>\n\t\t\t\t<\/div>\n\t\t<div class=\"elementor-element elementor-element-b25fd32 e-flex e-con-boxed e-con e-parent\" data-id=\"b25fd32\" data-element_type=\"container\" data-e-type=\"container\">\n\t\t\t\t\t<div class=\"e-con-inner\">\n\t\t\t\t<div class=\"elementor-element elementor-element-12a4760 elementor-widget elementor-widget-text-editor\" data-id=\"12a4760\" data-element_type=\"widget\" data-e-type=\"widget\" data-widget_type=\"text-editor.default\">\n\t\t\t\t\t\t\t\t\t<p data-start=\"1027\" data-end=\"1209\">Cada preparaci\u00f3n es elaborada cuidadosamente por nuestro equipo de <strong data-start=\"1094\" data-end=\"1146\">profesionales en medicina funcional y enfermer\u00eda<\/strong>, con respaldo cient\u00edfico y supervisi\u00f3n m\u00e9dica en todo momento.<\/p><p data-start=\"1211\" data-end=\"1449\">Las sesiones se realizan en un <strong data-start=\"1242\" data-end=\"1281\">ambiente c\u00f3modo, seguro y relajante<\/strong>, pensado para brindarte una experiencia terap\u00e9utica integral. Ideal para quienes buscan <strong data-start=\"1370\" data-end=\"1449\">potenciar su bienestar de forma natural, efectiva y sostenida en el tiempo.<\/strong><\/p>\t\t\t\t\t\t\t\t<\/div>\n\t\t\t\t<div class=\"elementor-element elementor-element-a1e6302 elementor-widget elementor-widget-text-editor\" data-id=\"a1e6302\" data-element_type=\"widget\" data-e-type=\"widget\" data-widget_type=\"text-editor.default\">\n\t\t\t\t\t\t\t\t\t<p>Tu cuerpo tiene el potencial de sanar y rendir mejor. Solo necesita los nutrientes correctos, en el momento adecuado.<\/p>\t\t\t\t\t\t\t\t<\/div>\n\t\t\t\t\t<\/div>\n\t\t\t\t<\/div>\n\t\t\t\t<\/div>\n\t\t","protected":false},"excerpt":{"rendered":"<p>Recarga tu salud desde adentro con f\u00f3rmulas dise\u00f1adas para ti La sueroterapia es una herramienta terap\u00e9utica clave dentro de la medicina funcional, que permite administrar de forma directa al torrente sangu\u00edneo una combinaci\u00f3n precisa de vitaminas, minerales, antioxidantes y compuestos bioactivos, logrando una absorci\u00f3n inmediata y altamente efectiva. En Cl\u00ednica LIVO, cada suero es personalizado [&hellip;]<\/p>\n","protected":false},"author":1,"featured_media":0,"parent":0,"menu_order":0,"comment_status":"closed","ping_status":"closed","template":"elementor_header_footer","meta":{"zakra_sidebar_layout":"stretched","zakra_remove_content_margin":false,"zakra_sidebar":"customizer","zakra_transparent_header":"customizer","zakra_logo":0,"zakra_main_header_style":"default","zakra_menu_item_color":"","zakra_menu_item_hover_color":"","zakra_menu_item_active_color":"","zakra_menu_active_style":"","zakra_page_header":true,"_eb_attr":"","footnotes":""},"class_list":["post-2617","page","type-page","status-publish","hentry"],"_links":{"self":[{"href":"https:\/\/clinicalivo.cl\/index.php\/wp-json\/wp\/v2\/pages\/2617","targetHints":{"allow":["GET"]}}],"collection":[{"href":"https:\/\/clinicalivo.cl\/index.php\/wp-json\/wp\/v2\/pages"}],"about":[{"href":"https:\/\/clinicalivo.cl\/index.php\/wp-json\/wp\/v2\/types\/page"}],"author":[{"embeddable":true,"href":"https:\/\/clinicalivo.cl\/index.php\/wp-json\/wp\/v2\/users\/1"}],"replies":[{"embeddable":true,"href":"https:\/\/clinicalivo.cl\/index.php\/wp-json\/wp\/v2\/comments?post=2617"}],"version-history":[{"count":12,"href":"https:\/\/clinicalivo.cl\/index.php\/wp-json\/wp\/v2\/pages\/2617\/revisions"}],"predecessor-version":[{"id":2862,"href":"https:\/\/clinicalivo.cl\/index.php\/wp-json\/wp\/v2\/pages\/2617\/revisions\/2862"}],"wp:attachment":[{"href":"https:\/\/clinicalivo.cl\/index.php\/wp-json\/wp\/v2\/media?parent=2617"}],"curies":[{"name":"wp","href":"https:\/\/api.w.org\/{rel}","templated":true}]}}